{"id":136,"date":"2010-09-14T19:02:20","date_gmt":"2010-09-14T17:02:20","guid":{"rendered":"http:\/\/www.cm-networks.de\/mobkomsys\/?page_id=136"},"modified":"2010-09-14T19:05:00","modified_gmt":"2010-09-14T17:05:00","slug":"ausgaben","status":"publish","type":"page","link":"http:\/\/www.cm-networks.de\/mobkomsys\/?page_id=136","title":{"rendered":"Auflagen"},"content":{"rendered":"<p>Unter diesem Men\u00fcpunkt finden Sie f\u00fcr jede Ausgabe die entsprechende Vorworte, die unter anderen die \u00c4nderungen und Erweiterungen der einzelnen Ausgaben beschreiben.<\/p>\n","protected":false},"excerpt":{"rendered":"<p>Unter diesem Men\u00fcpunkt finden Sie f\u00fcr jede Ausgabe die entsprechende Vorworte, die unter anderen die \u00c4nderungen und Erweiterungen der einzelnen Ausgaben beschreiben.<\/p>\n","protected":false},"author":1,"featured_media":0,"parent":0,"menu_order":0,"comment_status":"closed","ping_status":"closed","template":"onecolumn-page.php","meta":{"footnotes":""},"class_list":["post-136","page","type-page","status-publish","hentry"],"_links":{"self":[{"href":"http:\/\/www.cm-networks.de\/mobkomsys\/index.php?rest_route=\/wp\/v2\/pages\/136","targetHints":{"allow":["GET"]}}],"collection":[{"href":"http:\/\/www.cm-networks.de\/mobkomsys\/index.php?rest_route=\/wp\/v2\/pages"}],"about":[{"href":"http:\/\/www.cm-networks.de\/mobkomsys\/index.php?rest_route=\/wp\/v2\/types\/page"}],"author":[{"embeddable":true,"href":"http:\/\/www.cm-networks.de\/mobkomsys\/index.php?rest_route=\/wp\/v2\/users\/1"}],"replies":[{"embeddable":true,"href":"http:\/\/www.cm-networks.de\/mobkomsys\/index.php?rest_route=%2Fwp%2Fv2%2Fcomments&post=136"}],"version-history":[{"count":3,"href":"http:\/\/www.cm-networks.de\/mobkomsys\/index.php?rest_route=\/wp\/v2\/pages\/136\/revisions"}],"predecessor-version":[{"id":139,"href":"http:\/\/www.cm-networks.de\/mobkomsys\/index.php?rest_route=\/wp\/v2\/pages\/136\/revisions\/139"}],"wp:attachment":[{"href":"http:\/\/www.cm-networks.de\/mobkomsys\/index.php?rest_route=%2Fwp%2Fv2%2Fmedia&parent=136"}],"curies":[{"name":"wp","href":"https:\/\/api.w.org\/{rel}","templated":true}]}}