{"id":140,"date":"2010-09-14T19:04:30","date_gmt":"2010-09-14T17:04:30","guid":{"rendered":"http:\/\/www.cm-networks.de\/mobkomsys\/?page_id=140"},"modified":"2010-09-14T21:18:01","modified_gmt":"2010-09-14T19:18:01","slug":"1-auflage","status":"publish","type":"page","link":"http:\/\/www.cm-networks.de\/mobkomsys\/?page_id=140","title":{"rendered":"1. und 2. Auflage"},"content":{"rendered":"<p>Mobile Kommunikationssysteme wie GSM, GPRS, UMTS, Wireless LAN bieten heute eine gro\u00dfe Vielfalt von Anwendungsm\u00f6glichkeiten. Um einen Einblick in die Technik dieser Systeme zu gewinnen, gibt es eine gro\u00dfe Anzahl von Publikationen. In Buchform sind diese jedoch meist sehr umfangreich und f\u00fcr eine Einf\u00fchrung oft zu komplex. Publikationen im Internet hingegen sind meist nur sehr kurz und oberfl\u00e4chlich oder besch\u00e4ftigen sich nur mit einer speziellen Eigenschaft eines Systems. Aus diesem Grund konnte ich w\u00e4hrend meiner Vorlesungen zu diesem Thema keine einzelne Publikation empfehlen, die eine Einf\u00fchrung in diese Systeme mit der n\u00f6tigen Detailtiefe geboten h\u00e4tte. Mit dem vorliegenden Buch m\u00f6chte ich dies \u00e4ndern.<\/p>\n<p>Jedes der f\u00fcnf Kapitel gibt eine detaillierte Einf\u00fchrung und \u00dcberblick \u00fcber jeweils eines der zu Anfang genannten Systeme. Besonders wichtig ist mir auch, einen Eindruck zu vermitteln, welche Gedanken hinter der Entwicklung der unterschiedlichen Systeme standen. Neben dem \u201eWie\u201c ist also auch das \u201eWarum\u201c zentraler Bestandteil jedes Kapitels. Au\u00dferdem wird durch zahlreiche Vergleiche zwischen den unterschiedlichen Technologien deutlich, wo die Anwendungsgebiete der einzelnen Systeme liegen. In manchen F\u00e4llen konkurrieren die Systeme miteinander, in vielen F\u00e4llen jedoch ergibt erst eine Kombination mehrerer Systeme eine interessante Anwendung. Abgerundet wird jedes Kapitel durch einen Fragen- und Aufgabenkatalog zur Lernzielkontrolle und Wiederholung.<\/p>\n<p>Um einen tieferen Einblick in das eine oder andere System zu gewinnen, sind in den Kapiteln zahlreiche Verweise auf die entsprechenden Standards zu finden. Sie bilden eine ideale Erg\u00e4nzung f\u00fcr einen tieferen Einblick in die einzelnen Systeme und sollten mit Hilfe der Hintergrundinformationen in diesem Buch auch etwas einfacher zu interpretieren sein.<\/p>\n<p>Den Entschluss, mein Wissen zu diesen Themen als Buch zu ver\u00f6ffentlichen,\u00a0 fasste ich nach vielen theoretischen Gedankenspielen ganz spontan in einer Pariser Buchhandlung. Dort stie\u00df ich zuf\u00e4llig auf ein Buch mit einem ganz anderen Themenschwerpunkt, mit dessen Autor ich jedoch den Umstand gemeinsam habe, dass wir f\u00fcr die gleiche Firma arbeiten. Ich nahm Kontakt mit ihm auf, und er schilderte mir w\u00e4hrend eines ausgedehnten Mittagessens, wie man von der ersten Idee zu einem fertigen Buch kommt. An dieser Stelle m\u00f6chte ich mich deshalb sehr herzlich bei Pierre Lescuyer bedanken, dessen Tipps mir beim Start meines eigenen Buchprojekts sehr weitergeholfen haben.<\/p>\n<p>Au\u00dferdem geb\u00fchrt mein gro\u00dfer Dank auch Berenike, die mir mit Ihrer Liebe und Freundschaft w\u00e4hrend dieses Projekts immer inspirierend zur Seite stand.<\/p>\n<p>Weiterhin geb\u00fchrt mein Dank auch Thomas Kempf, Christophe Schmid, Markus R\u00f6sch, Thomas Ehrle und ganz besonders J\u00f6rg Becker. Mit ihrem Wissen und gro\u00dfen Einsatz ihrer privaten Zeit haben sie mich vor einigen Fehlern bewahrt und in zahlreichen Gespr\u00e4chen wichtige Anregungen und Verbesserungsvorschl\u00e4ge gegeben.<\/p>\n<p>Nicht zuletzt gilt mein Dank auch Dr. Reinald Klockenbusch, der dieses Buchprojekt von Anfang an begleitet hat und an der Ausrichtung des Buches ma\u00dfgeblich beteiligt war.<\/p>\n<p>Paris, im Juni 2004\u00a0\u00a0\u00a0\u00a0\u00a0\u00a0 Martin Sauter<\/p>\n","protected":false},"excerpt":{"rendered":"<p>Mobile Kommunikationssysteme wie GSM, GPRS, UMTS, Wireless LAN bieten heute eine gro\u00dfe Vielfalt von Anwendungsm\u00f6glichkeiten. Um einen Einblick in die Technik dieser Systeme zu gewinnen, gibt es eine gro\u00dfe Anzahl von Publikationen. In Buchform sind diese jedoch meist sehr umfangreich &hellip; <a href=\"http:\/\/www.cm-networks.de\/mobkomsys\/?page_id=140\">Continue reading <span class=\"meta-nav\">&rarr;<\/span><\/a><\/p>\n","protected":false},"author":1,"featured_media":0,"parent":0,"menu_order":0,"comment_status":"closed","ping_status":"closed","template":"onecolumn-page.php","meta":{"footnotes":""},"class_list":["post-140","page","type-page","status-publish","hentry"],"_links":{"self":[{"href":"http:\/\/www.cm-networks.de\/mobkomsys\/index.php?rest_route=\/wp\/v2\/pages\/140","targetHints":{"allow":["GET"]}}],"collection":[{"href":"http:\/\/www.cm-networks.de\/mobkomsys\/index.php?rest_route=\/wp\/v2\/pages"}],"about":[{"href":"http:\/\/www.cm-networks.de\/mobkomsys\/index.php?rest_route=\/wp\/v2\/types\/page"}],"author":[{"embeddable":true,"href":"http:\/\/www.cm-networks.de\/mobkomsys\/index.php?rest_route=\/wp\/v2\/users\/1"}],"replies":[{"embeddable":true,"href":"http:\/\/www.cm-networks.de\/mobkomsys\/index.php?rest_route=%2Fwp%2Fv2%2Fcomments&post=140"}],"version-history":[{"count":5,"href":"http:\/\/www.cm-networks.de\/mobkomsys\/index.php?rest_route=\/wp\/v2\/pages\/140\/revisions"}],"predecessor-version":[{"id":146,"href":"http:\/\/www.cm-networks.de\/mobkomsys\/index.php?rest_route=\/wp\/v2\/pages\/140\/revisions\/146"}],"wp:attachment":[{"href":"http:\/\/www.cm-networks.de\/mobkomsys\/index.php?rest_route=%2Fwp%2Fv2%2Fmedia&parent=140"}],"curies":[{"name":"wp","href":"https:\/\/api.w.org\/{rel}","templated":true}]}}