{"id":179,"date":"2010-09-14T21:17:52","date_gmt":"2010-09-14T19:17:52","guid":{"rendered":"http:\/\/www.cm-networks.de\/mobkomsys\/?page_id=179"},"modified":"2010-09-14T21:17:52","modified_gmt":"2010-09-14T19:17:52","slug":"3-auflage","status":"publish","type":"page","link":"http:\/\/www.cm-networks.de\/mobkomsys\/?page_id=179","title":{"rendered":"3. Auflage"},"content":{"rendered":"<p>Zwischen der zweiten und dritten Auflage dieses Buches hat sich in nur 12 Monaten wieder einiges in der Mobilfunkwelt getan und die aktuelle Auflage enth\u00e4lt wiederum zahlreiche Erweiterungen. W\u00e4hrend eine der wichtigsten Neuerungen der zweiten Auflage die Beschreibung des UMTS Turbo \u201eHSDPA\u201c war, ist in der Zwischenzeit auch \u201eHSUPA\u201c, eine Technik f\u00fcr schnellere Geschwindigkeiten im Uplink, verf\u00fcgbar und darf deshalb in diesem Buch nicht fehlen.<\/p>\n<p>Zum Erstaunen vieler Experten erfreuen sich die schon recht lange in der Praxis betriebenen GSM\/GPRS Netze weiterhin weltweit eines starken Wachstums und der GPRS Beschleuniger EDGE wird mittlerweile auch in Deutschland von zwei Netzbetreibern angeboten. Schnelle Internetverbindungen sind somit nun auch in l\u00e4ndlichen Gebieten m\u00f6glich, in denen es noch keine UMTS\/HSPA Versorgung gibt. Diesem Trend wurde schon in der zweiten Auflage Rechnung getragen. Die dritte Auflage enth\u00e4lt nun auch Informationen \u00fcber neue GPRS und EDGE Endger\u00e4teklassen, die noch h\u00f6here \u00dcbertragungsgeschwindigkeiten unterst\u00fctzen.<\/p>\n<p>W\u00e4hrend Wireless LAN bei Erscheinen der ersten Auflage nur wenig verbreitet war, hat es seither einen wahren Ansturm auf diese Art der Heim- und B\u00fcrovernetzung gegeben. Au\u00dferdem nimmt die Verbreitung von Wireless LAN Hotspots in Hotels, Flugh\u00e4fen und Caf\u00e9s weiter zu. W\u00e4hrend heute der 802.11g Standard mit etwa 20 MBit\/s auf Anwendungsebene \u00fcblich ist, gibt es mittlerweile eine stabile Vorversion des 802.11n Standards mit Datenraten auf Anwendungsebene von 150 MBit\/s und mehr. In dieser Auflage wurde das Wireless LAN Kapitel deshalb stark erweitert und enth\u00e4lt jetzt eine Beschreibung von 802.11n sowie der 802.11e Quality of Service Erweiterung, die auch unter dem Namen Wireless Multimedia (WMM) bekannt ist. Schlie\u00dflich hat sich auch beim Thema WLAN Sicherheit seit dem Erscheinen der ersten Auflage einiges getan und Kapitel 4 enth\u00e4lt nun eine ausf\u00fchrlichere Beschreibung zu Authentifizierung und Verschl\u00fcsselung mit WPA und WPA2.<\/p>\n<p>Auch beim Bluetooth Standard gibt es zahlreiche Neuerungen. Vermehrt bieten heute Smartphones und auch Mobiltelefone im mittleren Preissegment eine MP-3 Player Funktion, f\u00fcr die eine Verbindung zu einem Kopfh\u00f6rer \u00fcber das Headset- oder Handsfree Profil keine ausreichende Klangqualit\u00e4t bietet. Deshalb setzen Endger\u00e4tehersteller vermehrt auf das Advanced Audio Distribution Profil (A2DP), das nun im Bluetooth Kapitel beschrieben ist. Die in 2007 erschienene Bluetooth 2.1 + EDR Erweiterung brachte zudem neue Pairing Protokolle, um gefundene Schwachstellen zu beseitigen. Eine Beschreibung dieser Protokolle und anderer Verbesserungen wie z.B. die Verwendung von Near Field Communication (NFC) Tags sowie neuer Stromsparmechanismen ist nun ebenfalls enthalten.<\/p>\n<p>Bleibt mir noch, Ihnen an dieser Stelle viel Freude beim Studium dieses Buches, und beim Experimentieren und Nutzen mobiler Kommunikation zu w\u00fcnschen.<\/p>\n<p>Paris, im August 2007\u00a0\u00a0\u00a0\u00a0\u00a0\u00a0\u00a0 Martin Sauter<\/p>\n","protected":false},"excerpt":{"rendered":"<p>Zwischen der zweiten und dritten Auflage dieses Buches hat sich in nur 12 Monaten wieder einiges in der Mobilfunkwelt getan und die aktuelle Auflage enth\u00e4lt wiederum zahlreiche Erweiterungen. W\u00e4hrend eine der wichtigsten Neuerungen der zweiten Auflage die Beschreibung des UMTS &hellip; <a href=\"http:\/\/www.cm-networks.de\/mobkomsys\/?page_id=179\">Continue reading <span class=\"meta-nav\">&rarr;<\/span><\/a><\/p>\n","protected":false},"author":1,"featured_media":0,"parent":0,"menu_order":0,"comment_status":"closed","ping_status":"closed","template":"onecolumn-page.php","meta":{"footnotes":""},"class_list":["post-179","page","type-page","status-publish","hentry"],"_links":{"self":[{"href":"http:\/\/www.cm-networks.de\/mobkomsys\/index.php?rest_route=\/wp\/v2\/pages\/179","targetHints":{"allow":["GET"]}}],"collection":[{"href":"http:\/\/www.cm-networks.de\/mobkomsys\/index.php?rest_route=\/wp\/v2\/pages"}],"about":[{"href":"http:\/\/www.cm-networks.de\/mobkomsys\/index.php?rest_route=\/wp\/v2\/types\/page"}],"author":[{"embeddable":true,"href":"http:\/\/www.cm-networks.de\/mobkomsys\/index.php?rest_route=\/wp\/v2\/users\/1"}],"replies":[{"embeddable":true,"href":"http:\/\/www.cm-networks.de\/mobkomsys\/index.php?rest_route=%2Fwp%2Fv2%2Fcomments&post=179"}],"version-history":[{"count":2,"href":"http:\/\/www.cm-networks.de\/mobkomsys\/index.php?rest_route=\/wp\/v2\/pages\/179\/revisions"}],"predecessor-version":[{"id":198,"href":"http:\/\/www.cm-networks.de\/mobkomsys\/index.php?rest_route=\/wp\/v2\/pages\/179\/revisions\/198"}],"wp:attachment":[{"href":"http:\/\/www.cm-networks.de\/mobkomsys\/index.php?rest_route=%2Fwp%2Fv2%2Fmedia&parent=179"}],"curies":[{"name":"wp","href":"https:\/\/api.w.org\/{rel}","templated":true}]}}