{"id":220,"date":"2010-11-17T23:51:39","date_gmt":"2010-11-17T21:51:39","guid":{"rendered":"http:\/\/www.cm-networks.de\/mobkomsys\/?page_id=220"},"modified":"2010-11-20T09:33:25","modified_gmt":"2010-11-20T07:33:25","slug":"lte","status":"publish","type":"page","link":"http:\/\/www.cm-networks.de\/mobkomsys\/?page_id=220","title":{"rendered":"LTE"},"content":{"rendered":"<p><strong>Auf dieser Seite finden Sie die L\u00f6sungen zu den Fragen und Aufgaben des Kapitels \u00fcber LTE.<\/strong><\/p>\n<p>Anmerkung: Alle Antworten sind so kurz wie m\u00f6glich gehalten und setzen f\u00fcr das Verst\u00e4ndnis das Studium des jeweiligen Kapitels voraus. Weitere Erkl\u00e4rungen, Informationen, Details und Zusammenh\u00e4nge befinden sich im Buch in den jeweiligen Kapiteln.<\/p>\n<p><strong>Antwort 1:<\/strong><\/p>\n<p style=\"padding-left: 30px;\">In einem 10 MHz Kanal werden 600 Subcarrier verwendet<\/p>\n<p><strong>Antwort 2:<\/strong><\/p>\n<p style=\"padding-left: 30px;\">Der X2 Handover wird direkt zwischen zwei eNodeBs durchgef\u00fchrt da eine direkte Verbindung besteht. Beim S1 Handover gibt es kein X2 Interface zwischen zwei eNodeBs und es muss das Kernnetzwerk beteiligt werden.<\/p>\n<p><strong>Antwort 3:<br \/>\n<\/strong><\/p>\n<p style=\"padding-left: 30px;\">Die MME ist f\u00fcr die Kontrolle einer Verbindung zust\u00e4ndig, w\u00e4hrend die Nutzdaten \u00fcber das Serving-Gateway flie\u00dfen.<\/p>\n<p><strong>Antwort 4:<\/strong><\/p>\n<p style=\"padding-left: 30px;\">Ein Resource Block besteht aus 12 Subcarriern und 7 Symbolen. Zwei Resource Blocks bilden einen Subframe, die kleinste Resource Einheit, die einen Teilnehmer f\u00fcr die Daten\u00fcbertragung zugewiesen werden kann.<\/p>\n<p><strong>Antwort 5:<\/strong><\/p>\n<p style=\"padding-left: 30px;\">Das Endger\u00e4t mu\u00df dazu ein Scheduling Request an den eNodeB senden. Der Scheduling Request wird \u00fcber den Physical Uplink Control Channel gesendet. Sind schon Resourcen zugeteilt, k\u00f6nnen weitere Resource Anfragen dan auch auf dem Uplink Shared Channel angefordert werden.<\/p>\n<p><strong>Antwort 6:<\/strong><\/p>\n<p style=\"padding-left: 30px;\">HARQ wird auf dem MAC Layer auf der Lutfschnittstelle verwendet um bei \u00dcbetragungsfehler die Daten innerhalb weniger Millisekunden erneut zu \u00fcbertragen. ARQ wird auf dem RLC Layer verwendet und dient dazu, \u00dcbertragungsfehler zu beseitigen, die mit HARQ nicht korrigiert werden konnten.<\/p>\n<p><strong>Antwort 7:<\/strong><\/p>\n<p style=\"padding-left: 30px;\">Der erste Default Bearer wird beim Verbindungsaufbau automatisch aufgebaut und hat normalerweise keine besonderen Quality of Service Anforderungen. Wird f\u00fcr eine Verbindung zu einer bestimmten Gegenstelle ein besonderer Quality of Service ben\u00f6tigt, kann dies \u00fcber einen Dedicated Bearer gew\u00e4hrleistet werden. Hier wird keine zus\u00e4tzliche IP Adresse vergeben, sondern nur ein besonderes Quality of Service Setting auf einen bestimmten Datenstrom angewendet.<\/p>\n<p><strong>Antwort 8:<\/strong><\/p>\n<p style=\"padding-left: 30px;\">Um Strom zu sparen, kann das Endger\u00e4t mit Discontinuous Reception den Empf\u00e4nger perodisch abschalten.<\/p>\n<p><strong>Antwort 9:<\/strong><\/p>\n<p style=\"padding-left: 30px;\">Im Idle Zustand hat das Endger\u00e4t die Kontrolle \u00fcber Zellwechsel. Es findet keine Kommunikation mit dem Netzwerk statt und der Zellwechsel wird nur gemeldet, wenn die neue Zelle sich in einer anderen Tracking Area befindet.<\/p>\n<p><strong>Antwort 10:<\/strong><\/p>\n<p style=\"padding-left: 30px;\">Ein Cell Change Order f\u00fchrt zu einer Unterbrechung des Datenstroms w\u00e4hrend bei einem Handover schon Resourcen in der Zielzelle bereit gestellt werden und so die Unterbrechung minimiert wird.<\/p>\n<p><strong>Antwort 11:<\/strong><\/p>\n<p style=\"padding-left: 30px;\">Gegen\u00fcber dem GSM\/UMTS Netzwerk verh\u00e4lt sich die MME wie ein SGSN und das PDN-GW wie ein GGSN. Somit sind im GSM\/UMTS Netzwerk keine Softwareerweiterungen n\u00f6tig. Eine Verbindung ist notwenig, damit der Context, also die IP Adresse, nicht verloren geht, wenn das Endger\u00e4t zwischen den Unterschiedlichen Radionetzwerken hin- und herschaltet.<\/p>\n","protected":false},"excerpt":{"rendered":"<p>Auf dieser Seite finden Sie die L\u00f6sungen zu den Fragen und Aufgaben des Kapitels \u00fcber LTE. Anmerkung: Alle Antworten sind so kurz wie m\u00f6glich gehalten und setzen f\u00fcr das Verst\u00e4ndnis das Studium des jeweiligen Kapitels voraus. Weitere Erkl\u00e4rungen, Informationen, Details &hellip; <a href=\"http:\/\/www.cm-networks.de\/mobkomsys\/?page_id=220\">Continue reading <span class=\"meta-nav\">&rarr;<\/span><\/a><\/p>\n","protected":false},"author":1,"featured_media":0,"parent":96,"menu_order":0,"comment_status":"closed","ping_status":"closed","template":"onecolumn-page.php","meta":{"footnotes":""},"class_list":["post-220","page","type-page","status-publish","hentry"],"_links":{"self":[{"href":"http:\/\/www.cm-networks.de\/mobkomsys\/index.php?rest_route=\/wp\/v2\/pages\/220","targetHints":{"allow":["GET"]}}],"collection":[{"href":"http:\/\/www.cm-networks.de\/mobkomsys\/index.php?rest_route=\/wp\/v2\/pages"}],"about":[{"href":"http:\/\/www.cm-networks.de\/mobkomsys\/index.php?rest_route=\/wp\/v2\/types\/page"}],"author":[{"embeddable":true,"href":"http:\/\/www.cm-networks.de\/mobkomsys\/index.php?rest_route=\/wp\/v2\/users\/1"}],"replies":[{"embeddable":true,"href":"http:\/\/www.cm-networks.de\/mobkomsys\/index.php?rest_route=%2Fwp%2Fv2%2Fcomments&post=220"}],"version-history":[{"count":14,"href":"http:\/\/www.cm-networks.de\/mobkomsys\/index.php?rest_route=\/wp\/v2\/pages\/220\/revisions"}],"predecessor-version":[{"id":244,"href":"http:\/\/www.cm-networks.de\/mobkomsys\/index.php?rest_route=\/wp\/v2\/pages\/220\/revisions\/244"}],"up":[{"embeddable":true,"href":"http:\/\/www.cm-networks.de\/mobkomsys\/index.php?rest_route=\/wp\/v2\/pages\/96"}],"wp:attachment":[{"href":"http:\/\/www.cm-networks.de\/mobkomsys\/index.php?rest_route=%2Fwp%2Fv2%2Fmedia&parent=220"}],"curies":[{"name":"wp","href":"https:\/\/api.w.org\/{rel}","templated":true}]}}