{"id":259,"date":"2013-08-16T07:41:54","date_gmt":"2013-08-16T05:41:54","guid":{"rendered":"http:\/\/www.cm-networks.de\/mobkomsys\/?page_id=259"},"modified":"2013-08-16T07:45:19","modified_gmt":"2013-08-16T05:45:19","slug":"5-auflage","status":"publish","type":"page","link":"http:\/\/www.cm-networks.de\/mobkomsys\/?page_id=259","title":{"rendered":"5. Auflage"},"content":{"rendered":"<p>Auch zwischen der vierten und f\u00fcnften Auflage dieses Buches hat sich in nur zwei Jahren wieder einiges in der Mobilfunkwelt getan, und die aktuelle Auflage enth\u00e4lt wiederum zahlreiche Erweiterungen, die hier kurz beschrieben werden sollen.<\/p>\n<p>War bei Erscheinen der letzten Auflage LTE noch Zukunftsmusik, sind heute in Deutschland schon mehrere Netze in gr\u00f6\u00dferen St\u00e4dten und auch auf dem Land aktiv und die Anzahl an LTE Endger\u00e4ten steigt st\u00e4ndig. Grund genug, erste Erfahrungen mit diesen neuen Netzen und Endger\u00e4ten in das vorhandene LTE Kapitel einflie\u00dfen zu lassen. Da LTE Netzwerke heute noch keine Sprachtelefonie unterst\u00fctzen, ist f\u00fcr LTE Smartphones ein R\u00fcckfall nach GSM oder UMTS f\u00fcr Telefonate notwendig. Dieser Mechanismus, auch CS-Fallback genannt, wird nun ausf\u00fchrlich beschrieben, ebenso wie das neue Voice over LTE (VoLTE) System, das den CS-Fallback Mechanismus langfristig ersetzen soll.<\/p>\n<p>Auch in GSM und UMTS Netzen hat die Entwicklung nicht halt gemacht. Die virtuelle Leitungsvermittlung verdr\u00e4ngt im Kernnetz zunehmend die klassischen Vermittlungsstellen. Die GSM und UMTS Kapitel wurden dementsprechend um weitere Details zu diesem Thema erg\u00e4nzt. Im UMTS Radionetzwerk wurden in vielen Netzen in den letzten Jahren weitere Verfahren zur Steigerung der Datenraten eingef\u00fchrt, deren Beschreibungen ebenfalls in das UMTS Kapitel integriert wurde.<\/p>\n<p>Im Wi-Fi Bereich wird mittlerweile der 802.11n Standard in den meisten Endger\u00e4ten unterst\u00fctzt und Wi-Fi Protected Setup (WPS) erg\u00e4nzt die bisher bekannten Sicherheitsfunktionen. Mit 802.11ac steht eine weitere Geschwindigkeitssteigerung in den Startl\u00f6chern, auf die ebenfalls in dieser Auflage eingegangen wird.<\/p>\n<p>W\u00e4hrend in der letzten Auflage das Bluetooth Kapitel auf Grund des neuen LTE Kapitels und zahlreicher Erweiterungen in anderen Kapiteln weichen musste, konnte durch ein platzsparenderes und ebook-freundliches Layout dieses erfreulicherweise wieder in die f\u00fcnfte Auflage integriert werden.<\/p>\n<p>Bleibt mir noch, Ihnen an dieser Stelle viel Freude beim Studium dieses Buches, und beim Experimentieren und Nutzen mobiler Kommunikation zu w\u00fcnschen.<\/p>\n","protected":false},"excerpt":{"rendered":"<p>Auch zwischen der vierten und f\u00fcnften Auflage dieses Buches hat sich in nur zwei Jahren wieder einiges in der Mobilfunkwelt getan, und die aktuelle Auflage enth\u00e4lt wiederum zahlreiche Erweiterungen, die hier kurz beschrieben werden sollen. War bei Erscheinen der letzten &hellip; <a href=\"http:\/\/www.cm-networks.de\/mobkomsys\/?page_id=259\">Continue reading <span class=\"meta-nav\">&rarr;<\/span><\/a><\/p>\n","protected":false},"author":1,"featured_media":0,"parent":0,"menu_order":0,"comment_status":"closed","ping_status":"closed","template":"onecolumn-page.php","meta":{"footnotes":""},"class_list":["post-259","page","type-page","status-publish","hentry"],"_links":{"self":[{"href":"http:\/\/www.cm-networks.de\/mobkomsys\/index.php?rest_route=\/wp\/v2\/pages\/259","targetHints":{"allow":["GET"]}}],"collection":[{"href":"http:\/\/www.cm-networks.de\/mobkomsys\/index.php?rest_route=\/wp\/v2\/pages"}],"about":[{"href":"http:\/\/www.cm-networks.de\/mobkomsys\/index.php?rest_route=\/wp\/v2\/types\/page"}],"author":[{"embeddable":true,"href":"http:\/\/www.cm-networks.de\/mobkomsys\/index.php?rest_route=\/wp\/v2\/users\/1"}],"replies":[{"embeddable":true,"href":"http:\/\/www.cm-networks.de\/mobkomsys\/index.php?rest_route=%2Fwp%2Fv2%2Fcomments&post=259"}],"version-history":[{"count":2,"href":"http:\/\/www.cm-networks.de\/mobkomsys\/index.php?rest_route=\/wp\/v2\/pages\/259\/revisions"}],"predecessor-version":[{"id":262,"href":"http:\/\/www.cm-networks.de\/mobkomsys\/index.php?rest_route=\/wp\/v2\/pages\/259\/revisions\/262"}],"wp:attachment":[{"href":"http:\/\/www.cm-networks.de\/mobkomsys\/index.php?rest_route=%2Fwp%2Fv2%2Fmedia&parent=259"}],"curies":[{"name":"wp","href":"https:\/\/api.w.org\/{rel}","templated":true}]}}