{"id":286,"date":"2015-05-10T12:13:36","date_gmt":"2015-05-10T10:13:36","guid":{"rendered":"http:\/\/www.cm-networks.de\/mobkomsys\/?page_id=286"},"modified":"2015-05-10T12:59:02","modified_gmt":"2015-05-10T10:59:02","slug":"6-auflage","status":"publish","type":"page","link":"http:\/\/www.cm-networks.de\/mobkomsys\/?page_id=286","title":{"rendered":"6. Auflage"},"content":{"rendered":"<p>Der Mobilfunk ist einer der sich am schnellsten entwickelnden Zweige der Telekommunikation und so erscheint die 6. Auflage dieses Buches wiederum mit zahlreichen \u00dcberarbeitungen und Erg\u00e4nzungen, die nachfolgend kurz beschrieben werden sollen.<\/p>\n<p>Im Bereich von GSM und GPRS gab es in den letzten Jahren nur noch wenige Weiterentwicklungen. Hersteller und Netzbetreiber sind hier vor allem darauf bedacht, die Netzkomponenten kleiner, stromsparender und kosteng\u00fcnstiger zu machen, sie mit UMTS und LTE zu vereinen, sowie alte \u00dcbertragungstechniken im Zugangsnetzwerk wie Frame Relay durch IP Verbindungen zu ersetzen. Dies wurde in den ersten zwei Kapiteln entsprechend eingearbeitet.<\/p>\n<p>Interessanterweise ist nun ein \u00e4hnlicher Trend auch bei UMTS zu beobachten. Hier konzentrieren sich die Bem\u00fchungen der Netzbetreiber vor allem auf die Optimierung des im Betrieb befindlichen Systems, vor allem um die Anzahl der Teilnehmer zu erh\u00f6hen, die gleichzeitig Daten \u00fcbertragen k\u00f6nnen. Weitere Bem\u00fchungen, die Datenraten \u00fcber das aktuelle theoretische Limit von 42.2 Mbit\/s zu steigern, sind nicht zu beobachten.<\/p>\n<p>Viele Neuerungen gab es jedoch seit der letzten Auflage bei LTE, die entsprechend in Kapitel 4 aufgenommen wurden. Um die Geschwindigkeit der Daten\u00fcbertragung weiter zu steigern, wurde mit LTE-Advanced das sogenannte Carrier Aggregation eingef\u00fchrt. Durch die Kombination von \u00dcbertragungskan\u00e4len in mehreren Frequenzb\u00e4ndern wird so in der Praxis eine theoretische Spitzendatenrate von 300 Mbit\/s erm\u00f6glicht. W\u00e4hrend aktuell die meisten Telefongespr\u00e4che auf LTE Endger\u00e4ten noch immer im UMTS und GSM Netz gef\u00fchrt werden, arbeiten Mobilfunkausr\u00fcster und Netzbetreiber verst\u00e4rkt an Voice over LTE (VoLTE), einer auf IP basierenden Telefoniel\u00f6sung. Aufgrund dieses Trends sind in der aktuellen Auflage nun weitere Details zu diesem Thema hinzugekommen, wie z.B. eine Einf\u00fchrung in Robust Header Compression (RoHC), Semi-Persistent Scheduling und Konfiguration des \u00dcbertragungskanals f\u00fcr Sprachpakete. Und schlie\u00dflich geht Kapitel 4 nun in dieser Auflage auch noch n\u00e4her auf zuk\u00fcnftige Funktionalit\u00e4ten ein, die mit LTE-Advanced spezifiziert wurden.<\/p>\n<p>Auch im Wireless-LAN Bereich hat sich in den vergangenen zwei Jahren einiges getan. Mittlerweile sind zahlreiche Produkte auf dem Markt, die den neuen 802.11ac Standard unterst\u00fctzen, der theoretische Spitzendatenraten im Gigabit\/s Bereich erm\u00f6glicht. Auch in der Praxis sind mit diesem Standard weit h\u00f6here Geschwindigkeiten zu erreichen, als mit dem 802.11n Standard, der aktuell noch in den meisten Netzen vorherrschend ist. Grund genug, hier weitere Informationen in Kapitel 5 zu erg\u00e4nzen.<\/p>\n<p>Und schlie\u00dflich stand auch bei Bluetooth die Zeit seit der letzten Auflage nicht still. W\u00e4hrend in den Anfangszeiten die Kopplung von PCs und Mobiltelefonen \u00fcber Bluetooth popul\u00e4r war, stehen heute Anwendungen wie Sprach- und Musik\u00fcbertragung an drahtlose Headsets, Musik\u00fcbertragung an Lautsprecher und Anbindung von Tastaturen und M\u00e4usen an Tablets und andere mobile Endger\u00e4te im Vordergrund. Kapitel 6 wurde dementsprechend angepasst und enth\u00e4lt jetzt auch einen \u00dcberblick \u00fcber das Human Interface Device (HID) Profil und eine Einf\u00fchrung, wie man die Bluetooth Kommunikation auf einem PC aufzeichnen und auswerten kann.<\/p>\n<p>Bleibt mir noch, Ihnen an dieser Stelle viel Freude beim Studium dieses Buches, und beim Experimentieren und Nutzen mobiler Kommunikation zu w\u00fcnschen.<\/p>\n","protected":false},"excerpt":{"rendered":"<p>Der Mobilfunk ist einer der sich am schnellsten entwickelnden Zweige der Telekommunikation und so erscheint die 6. Auflage dieses Buches wiederum mit zahlreichen \u00dcberarbeitungen und Erg\u00e4nzungen, die nachfolgend kurz beschrieben werden sollen. Im Bereich von GSM und GPRS gab es &hellip; <a href=\"http:\/\/www.cm-networks.de\/mobkomsys\/?page_id=286\">Continue reading <span class=\"meta-nav\">&rarr;<\/span><\/a><\/p>\n","protected":false},"author":1,"featured_media":0,"parent":0,"menu_order":0,"comment_status":"closed","ping_status":"closed","template":"onecolumn-page.php","meta":{"footnotes":""},"class_list":["post-286","page","type-page","status-publish","hentry"],"_links":{"self":[{"href":"http:\/\/www.cm-networks.de\/mobkomsys\/index.php?rest_route=\/wp\/v2\/pages\/286","targetHints":{"allow":["GET"]}}],"collection":[{"href":"http:\/\/www.cm-networks.de\/mobkomsys\/index.php?rest_route=\/wp\/v2\/pages"}],"about":[{"href":"http:\/\/www.cm-networks.de\/mobkomsys\/index.php?rest_route=\/wp\/v2\/types\/page"}],"author":[{"embeddable":true,"href":"http:\/\/www.cm-networks.de\/mobkomsys\/index.php?rest_route=\/wp\/v2\/users\/1"}],"replies":[{"embeddable":true,"href":"http:\/\/www.cm-networks.de\/mobkomsys\/index.php?rest_route=%2Fwp%2Fv2%2Fcomments&post=286"}],"version-history":[{"count":1,"href":"http:\/\/www.cm-networks.de\/mobkomsys\/index.php?rest_route=\/wp\/v2\/pages\/286\/revisions"}],"predecessor-version":[{"id":287,"href":"http:\/\/www.cm-networks.de\/mobkomsys\/index.php?rest_route=\/wp\/v2\/pages\/286\/revisions\/287"}],"wp:attachment":[{"href":"http:\/\/www.cm-networks.de\/mobkomsys\/index.php?rest_route=%2Fwp%2Fv2%2Fmedia&parent=286"}],"curies":[{"name":"wp","href":"https:\/\/api.w.org\/{rel}","templated":true}]}}