{"id":349,"date":"2018-08-24T09:04:32","date_gmt":"2018-08-24T07:04:32","guid":{"rendered":"http:\/\/www.cm-networks.de\/mobkomsys\/?page_id=349"},"modified":"2018-08-24T09:05:16","modified_gmt":"2018-08-24T07:05:16","slug":"inhalt-voice-over-lte-volte","status":"publish","type":"page","link":"http:\/\/www.cm-networks.de\/mobkomsys\/?page_id=349","title":{"rendered":"Inhalt &#8211; Voice over LTE"},"content":{"rendered":"<p>5 Voice over LTE (VoLTE)<\/p>\n<p>5.1 Das Session Initiation Protocol (SIP)<\/p>\n<p>5.2 Das IP Multimedia Subsystem (IMS) und VoLTE<\/p>\n<p style=\"padding-left: 30px;\">5.2.1 Architektur\u00fcberblick<\/p>\n<p style=\"padding-left: 30px;\">5.2.2 IMS Registrierung<\/p>\n<p style=\"padding-left: 30px;\">5.2.3 Der VoLTE Gespr\u00e4chsaufbau<\/p>\n<p style=\"padding-left: 30px;\">5.2.4 LTE Bearer Konfiguration f\u00fcr VoLTE<\/p>\n<p style=\"padding-left: 30px;\">5.2.5 Dedicated Bearer Setup mit Preconditions<\/p>\n<p style=\"padding-left: 30px;\">5.2.6 Header Compression und DRX<\/p>\n<p style=\"padding-left: 30px;\">5.2.7 Sprachcodecs und Aushandlung der Bandbreite<\/p>\n<p style=\"padding-left: 30px;\">5.2.8 Freiton, Ring-Back Melodien und Early-Media<\/p>\n<p style=\"padding-left: 30px;\">5.2.9 Verwendung von Ports<\/p>\n<p style=\"padding-left: 30px;\">5.2.10 Filterung von Nachrichten und Asserted Identities<\/p>\n<p style=\"padding-left: 30px;\">5.2.11 DTMF T\u00f6ne<\/p>\n<p style=\"padding-left: 30px;\">5.2.12 SMS \u00fcber IMS<\/p>\n<p style=\"padding-left: 30px;\">5.2.13 Konfiguration der Anrufweiterleitung und XCAP<\/p>\n<p style=\"padding-left: 30px;\">5.2.14 Single Radio Voice Call Continuity<\/p>\n<p style=\"padding-left: 30px;\">5.2.15 Wahl des Radionetzwerkes, T-ADS und VoLTE Interworking mit GSM und UMTS<\/p>\n<p style=\"padding-left: 30px;\">5.2.16 VoLTE Notrufe<\/p>\n<p>5.3 VoLTE Roaming<\/p>\n<p style=\"padding-left: 30px;\">5.3.1 Option 1: VoLTE Local Breakout<\/p>\n<p style=\"padding-left: 30px;\">5.3.2 Option 2: VoLTE S8-Home Routing<\/p>\n<p>5.4 Voice over Wifi (VoWifi)<\/p>\n<p style=\"padding-left: 30px;\">5.4.1 VoWifi Netzwerkarchitektur<\/p>\n<p style=\"padding-left: 30px;\">5.4.2 VoWifi Handover<\/p>\n<p style=\"padding-left: 30px;\">5.4.3 Wifi-Preferred und Cellular-Preferred<\/p>\n<p style=\"padding-left: 30px;\">5.4.4 SMS, MMS und Supplementary Services \u00fcber Wifi<\/p>\n<p style=\"padding-left: 30px;\">5.4.5 VoWifi Roaming<\/p>\n<p>5.5 VoLTE und Festnetz IMS &#8211; Ein Vergleich<\/p>\n<p>5.6 Fragen und Aufgaben<\/p>\n","protected":false},"excerpt":{"rendered":"<p>5 Voice over LTE (VoLTE) 5.1 Das Session Initiation Protocol (SIP) 5.2 Das IP Multimedia Subsystem (IMS) und VoLTE 5.2.1 Architektur\u00fcberblick 5.2.2 IMS Registrierung 5.2.3 Der VoLTE Gespr\u00e4chsaufbau 5.2.4 LTE Bearer Konfiguration f\u00fcr VoLTE 5.2.5 Dedicated Bearer Setup mit Preconditions &hellip; <a href=\"http:\/\/www.cm-networks.de\/mobkomsys\/?page_id=349\">Continue reading <span class=\"meta-nav\">&rarr;<\/span><\/a><\/p>\n","protected":false},"author":1,"featured_media":0,"parent":147,"menu_order":0,"comment_status":"closed","ping_status":"closed","template":"onecolumn-page.php","meta":{"footnotes":""},"class_list":["post-349","page","type-page","status-publish","hentry"],"_links":{"self":[{"href":"http:\/\/www.cm-networks.de\/mobkomsys\/index.php?rest_route=\/wp\/v2\/pages\/349","targetHints":{"allow":["GET"]}}],"collection":[{"href":"http:\/\/www.cm-networks.de\/mobkomsys\/index.php?rest_route=\/wp\/v2\/pages"}],"about":[{"href":"http:\/\/www.cm-networks.de\/mobkomsys\/index.php?rest_route=\/wp\/v2\/types\/page"}],"author":[{"embeddable":true,"href":"http:\/\/www.cm-networks.de\/mobkomsys\/index.php?rest_route=\/wp\/v2\/users\/1"}],"replies":[{"embeddable":true,"href":"http:\/\/www.cm-networks.de\/mobkomsys\/index.php?rest_route=%2Fwp%2Fv2%2Fcomments&post=349"}],"version-history":[{"count":2,"href":"http:\/\/www.cm-networks.de\/mobkomsys\/index.php?rest_route=\/wp\/v2\/pages\/349\/revisions"}],"predecessor-version":[{"id":352,"href":"http:\/\/www.cm-networks.de\/mobkomsys\/index.php?rest_route=\/wp\/v2\/pages\/349\/revisions\/352"}],"up":[{"embeddable":true,"href":"http:\/\/www.cm-networks.de\/mobkomsys\/index.php?rest_route=\/wp\/v2\/pages\/147"}],"wp:attachment":[{"href":"http:\/\/www.cm-networks.de\/mobkomsys\/index.php?rest_route=%2Fwp%2Fv2%2Fmedia&parent=349"}],"curies":[{"name":"wp","href":"https:\/\/api.w.org\/{rel}","templated":true}]}}