{"id":353,"date":"2018-08-24T09:41:57","date_gmt":"2018-08-24T07:41:57","guid":{"rendered":"http:\/\/www.cm-networks.de\/mobkomsys\/?page_id=353"},"modified":"2018-08-24T09:41:57","modified_gmt":"2018-08-24T07:41:57","slug":"voice-over-lte","status":"publish","type":"page","link":"http:\/\/www.cm-networks.de\/mobkomsys\/?page_id=353","title":{"rendered":"Voice over LTE"},"content":{"rendered":"<p><strong>Auf dieser Seite finden Sie die L\u00f6sungen zu den Fragen und Aufgaben des Kapitels \u00fcber Voice over LTE (VoLTE).<\/strong><\/p>\n<p>Anmerkung: Alle Antworten sind so kurz wie m\u00f6glich gehalten und setzen f\u00fcr das Verst\u00e4ndnis das Studium des jeweiligen Kapitels voraus. Weitere Erkl\u00e4rungen, Informationen, Details und Zusammenh\u00e4nge befinden sich im Buch in den jeweiligen Kapiteln.<\/p>\n<p><strong>Antwort 1:<\/strong><\/p>\n<p>Das IMS besteht im Kern aus der Serving Call Session Control Function (S-CSCF), die f\u00fcr die eigentliche Weiterleitung der SIP Nachrichten zust\u00e4ndig ist, sowie der Interrogating-CSCF, die beim initialen Register eine S-CSCF aussucht. Die Proxy-CSCF (P-CSCF) sitzt am Rand des IMS System und kommuniziert direkt mit dem User Agent (UA) auf dem Endger\u00e4t. Die P-CSCF kommuniziert auch mit der PCRF f\u00fcr den Aufbau eines Dedicated Bearers f\u00fcr den Sprachpfad. Weitere wichtige Komponente im IMS System ist der MMTEL Server, der u.a. die gewohnten Dienste f\u00fcr die Sprachkommunikation wie z.B. Anrufweiterleitung abbildet.<\/p>\n<p><strong>Antwort 2:<\/strong><\/p>\n<p>Beim initialen SIP Register wird eine Authentifizierungsprozedur durchgef\u00fchrt, f\u00fcr die das Endger\u00e4t mit der SIM Karte kommuniziert. Nach der Authentifizierung wird ein Sicherheitskontext (Security-Kontext) mit optionaler Verschl\u00fcsselung zwischen Endger\u00e4te und P-CSCF konfiguriert.<\/p>\n<p><strong>Antwort 3:<\/strong><\/p>\n<p>W\u00e4hrend des Gespr\u00e4chsaufbaus kann das Netzwerk sicherstellen, dass auf allen Schnittstellen, insbesondere auf der Luftschnittstelle, gen\u00fcgend \u00dcbertragungskapazit\u00e4t f\u00fcr den Sprachdatenstrom reserviert wird. Erst nachdem diese Vorbedingung erf\u00fcllt ist, ist die &#8216;Session&#8217; f\u00fcr ein Telefonat komplett aufgebaut.<\/p>\n<p><strong>Antwort 4:<\/strong><\/p>\n<p>Da das Endger\u00e4t seine eigene Telefonnummer f\u00e4lschen k\u00f6nnte (spoofing), \u00fcberpr\u00fcft die P-CSCF die eingehenden SIP Nachrichten und f\u00fcgt die korrekte Teilnehmer ID in SIP Nachrichten ein (asserting).<\/p>\n<p><strong>Antwort 5:<\/strong><\/p>\n<p>Sprachpakete enthalten nur wenige Bytes Nutzdaten, um Verz\u00f6gerung so klein wie m\u00f6glich zu halten. Somit erzeugt der Paketheader einen gro\u00dfen Overhead, den man vermeiden m\u00f6chte. Durch Komprimieren des Headers kann somit viel Bandbreite gespart werden.<\/p>\n<p><strong>Antwort 6:<\/strong><\/p>\n<p>Im IMS System wird dazu das XCAP Protokoll verwendet.<\/p>\n<p><strong>Antwort 7:<\/strong><\/p>\n<p>F\u00fcr VoLTE Notrufe wird eigens ein &#8216;Emergency Bearer&#8217; vom Endger\u00e4t vom Netzwerk angefordert. \u00dcber diesen wird dann eine &#8216;Emergency (SIP) Registration&#8217; durchgef\u00fchrt und dann ein Emergency INVITE gesendet.<\/p>\n<p><strong>Antwort 8:<\/strong><\/p>\n<p>Am Rande der LTE Abdeckung kann ein laufendes VoLTE Gespr\u00e4ch, das auf IP basiert, in einen 2G oder 3G Sprachdatenkanal \u00fcbergeben werden, der auf traditionellem Circuit Switching basiert. Dieser \u00dcbergang wird Single Radio Voice Call Continuity genannt.<\/p>\n<p><strong>Antwort 9:<\/strong><\/p>\n<p>Das Endger\u00e4t erkennt, dass die LTE Verbindung sehr schwach geworden ist. Ist eine Wifi Verbindung zum Internet vorhanden, sucht das Endger\u00e4t daraufhin die IP Adresse des ePDG mit einer DNS Anfrage und baut daraufhin einen IPSec Tunnel zum ePDG auf. W\u00e4hrend des Aufbaus des IPSec Tunnels transferiert das Netzwerk den IMS Bearer vom MME\/S-GW zum ePDG.<\/p>\n<p><strong>Antwort 10:<\/strong><\/p>\n<p>Bei VoWifi Cellular Preferred werden Telefonate immer \u00fcber das Mobilfunknetz gef\u00fchrt, auch wenn Wifi zur Verf\u00fcgung steht. Bei WiFi Preferred baut das Endger\u00e4t immer einen IPSec Tunnel zum ePDG auf, sobald ein Wifi Netzwerk und eine Verbindung zum Internet vorhanden ist und Gespr\u00e4che werden dann immer \u00fcber Wifi gef\u00fchrt, auch wenn ein Mobilfunknetzwerk vorhanden ist.<\/p>\n","protected":false},"excerpt":{"rendered":"<p>Auf dieser Seite finden Sie die L\u00f6sungen zu den Fragen und Aufgaben des Kapitels \u00fcber Voice over LTE (VoLTE). Anmerkung: Alle Antworten sind so kurz wie m\u00f6glich gehalten und setzen f\u00fcr das Verst\u00e4ndnis das Studium des jeweiligen Kapitels voraus. Weitere &hellip; <a href=\"http:\/\/www.cm-networks.de\/mobkomsys\/?page_id=353\">Continue reading <span class=\"meta-nav\">&rarr;<\/span><\/a><\/p>\n","protected":false},"author":1,"featured_media":0,"parent":0,"menu_order":0,"comment_status":"closed","ping_status":"closed","template":"onecolumn-page.php","meta":{"footnotes":""},"class_list":["post-353","page","type-page","status-publish","hentry"],"_links":{"self":[{"href":"http:\/\/www.cm-networks.de\/mobkomsys\/index.php?rest_route=\/wp\/v2\/pages\/353","targetHints":{"allow":["GET"]}}],"collection":[{"href":"http:\/\/www.cm-networks.de\/mobkomsys\/index.php?rest_route=\/wp\/v2\/pages"}],"about":[{"href":"http:\/\/www.cm-networks.de\/mobkomsys\/index.php?rest_route=\/wp\/v2\/types\/page"}],"author":[{"embeddable":true,"href":"http:\/\/www.cm-networks.de\/mobkomsys\/index.php?rest_route=\/wp\/v2\/users\/1"}],"replies":[{"embeddable":true,"href":"http:\/\/www.cm-networks.de\/mobkomsys\/index.php?rest_route=%2Fwp%2Fv2%2Fcomments&post=353"}],"version-history":[{"count":5,"href":"http:\/\/www.cm-networks.de\/mobkomsys\/index.php?rest_route=\/wp\/v2\/pages\/353\/revisions"}],"predecessor-version":[{"id":359,"href":"http:\/\/www.cm-networks.de\/mobkomsys\/index.php?rest_route=\/wp\/v2\/pages\/353\/revisions\/359"}],"wp:attachment":[{"href":"http:\/\/www.cm-networks.de\/mobkomsys\/index.php?rest_route=%2Fwp%2Fv2%2Fmedia&parent=353"}],"curies":[{"name":"wp","href":"https:\/\/api.w.org\/{rel}","templated":true}]}}