{"id":96,"date":"2010-09-14T18:26:31","date_gmt":"2010-09-14T16:26:31","guid":{"rendered":"http:\/\/www.cm-networks.de\/mobkomsys\/?page_id=96"},"modified":"2010-09-14T18:55:17","modified_gmt":"2010-09-14T16:55:17","slug":"antworten","status":"publish","type":"page","link":"http:\/\/www.cm-networks.de\/mobkomsys\/?page_id=96","title":{"rendered":"L\u00f6sungen"},"content":{"rendered":"<p>In diesem Men\u00fc finden Sie auf den entsprechenden Unterseiten die L\u00f6sungen zu den Fragen in den einzelnen Kapiteln.<\/p>\n","protected":false},"excerpt":{"rendered":"<p>In diesem Men\u00fc finden Sie auf den entsprechenden Unterseiten die L\u00f6sungen zu den Fragen in den einzelnen Kapiteln.<\/p>\n","protected":false},"author":1,"featured_media":0,"parent":0,"menu_order":0,"comment_status":"closed","ping_status":"closed","template":"onecolumn-page.php","meta":{"footnotes":""},"class_list":["post-96","page","type-page","status-publish","hentry"],"_links":{"self":[{"href":"http:\/\/www.cm-networks.de\/mobkomsys\/index.php?rest_route=\/wp\/v2\/pages\/96","targetHints":{"allow":["GET"]}}],"collection":[{"href":"http:\/\/www.cm-networks.de\/mobkomsys\/index.php?rest_route=\/wp\/v2\/pages"}],"about":[{"href":"http:\/\/www.cm-networks.de\/mobkomsys\/index.php?rest_route=\/wp\/v2\/types\/page"}],"author":[{"embeddable":true,"href":"http:\/\/www.cm-networks.de\/mobkomsys\/index.php?rest_route=\/wp\/v2\/users\/1"}],"replies":[{"embeddable":true,"href":"http:\/\/www.cm-networks.de\/mobkomsys\/index.php?rest_route=%2Fwp%2Fv2%2Fcomments&post=96"}],"version-history":[{"count":6,"href":"http:\/\/www.cm-networks.de\/mobkomsys\/index.php?rest_route=\/wp\/v2\/pages\/96\/revisions"}],"predecessor-version":[{"id":130,"href":"http:\/\/www.cm-networks.de\/mobkomsys\/index.php?rest_route=\/wp\/v2\/pages\/96\/revisions\/130"}],"wp:attachment":[{"href":"http:\/\/www.cm-networks.de\/mobkomsys\/index.php?rest_route=%2Fwp%2Fv2%2Fmedia&parent=96"}],"curies":[{"name":"wp","href":"https:\/\/api.w.org\/{rel}","templated":true}]}}